{"id":124,"date":"2023-05-21T19:37:58","date_gmt":"2023-05-21T19:37:58","guid":{"rendered":"https:\/\/insea.no\/om-oss\/"},"modified":"2025-05-29T06:34:34","modified_gmt":"2025-05-29T06:34:34","slug":"om-oss","status":"publish","type":"page","link":"https:\/\/insea.no\/no\/om-oss\/","title":{"rendered":"Om oss"},"content":{"rendered":"\n<h1>\n\t\t\tOm oss\t<\/h1>\n<h2>\n\t\t\tFagfelt\t<\/h2>\n\t<p>Insea Quality Services &#8211; din p\u00e5litelige partner innen marin og offshore r\u00e5dgivning. V\u00e5r ekspertise spenner fra revisjons- og verifikasjons- tjenester til \u00e5 tilby eksperter som fungerer som klientrepresentanter, ivaretar dine prosjekter og sikrer at de oppfyller kontraktsmessige krav.<\/p>\n\t<p>Vi tilbyr en omfattende pakke med tjenester designet for \u00e5 sikre sikkerhet, samsvar og effektivitet i marine og offshore operasjoner. V\u00e5rt IMCA-sertifiserte personell anvender industriens beste praksis p\u00e5 prosjektene dine og opprettholder de h\u00f8yeste standardene.<\/p>\n<h2>\n\t\t\tSertifiseringer\t<\/h2>\n\t\t\t\t<img decoding=\"async\" src=\"https:\/\/insea.no\/wp-content\/uploads\/2023\/05\/MagnetJQS.webp\" alt=\"MagnetJQS\" itemprop=\"image\" height=\"192\" width=\"288\" title=\"MagnetJQS\" onerror=\"this.style.display='none'\" loading='lazy' \/>\n\t\t\t\t<img decoding=\"async\" src=\"https:\/\/insea.no\/wp-content\/uploads\/2025\/05\/Verify_ISO9001_Norsk-300x166-1.jpg\" alt=\"Verify_ISO9001_Norsk-300x166\" itemprop=\"image\" height=\"166\" width=\"300\" title=\"Verify_ISO9001_Norsk-300x166\" onerror=\"this.style.display='none'\" loading='lazy' \/>\n\t\t\t\t<img decoding=\"async\" src=\"https:\/\/insea.no\/wp-content\/uploads\/2023\/05\/member-imca.png\" alt=\"member-imca\" itemprop=\"image\" height=\"171\" width=\"429\" title=\"member-imca\" onerror=\"this.style.display='none'\" loading='lazy' \/>\n\t<p>We are a world-wide Personell Agency Member of IMCA.<\/p>\n\n","protected":false},"excerpt":{"rendered":"<p>Om oss Fagfelt Insea Quality Services &#8211; din p\u00e5litelige partner innen marin og offshore r\u00e5dgivning. V\u00e5r ekspertise spenner fra revisjons- og verifikasjons- tjenester til \u00e5 tilby eksperter som fungerer som klientrepresentanter, ivaretar dine prosjekter og sikrer at de oppfyller kontraktsmessige krav. Vi tilbyr en omfattende pakke med tjenester designet for \u00e5 sikre sikkerhet, samsvar og&hellip;<\/p>\n","protected":false},"author":1,"featured_media":0,"parent":0,"menu_order":0,"comment_status":"closed","ping_status":"closed","template":"","meta":{"footnotes":""},"class_list":["post-124","page","type-page","status-publish","hentry"],"_links":{"self":[{"href":"https:\/\/insea.no\/no\/wp-json\/wp\/v2\/pages\/124","targetHints":{"allow":["GET"]}}],"collection":[{"href":"https:\/\/insea.no\/no\/wp-json\/wp\/v2\/pages"}],"about":[{"href":"https:\/\/insea.no\/no\/wp-json\/wp\/v2\/types\/page"}],"author":[{"embeddable":true,"href":"https:\/\/insea.no\/no\/wp-json\/wp\/v2\/users\/1"}],"replies":[{"embeddable":true,"href":"https:\/\/insea.no\/no\/wp-json\/wp\/v2\/comments?post=124"}],"version-history":[{"count":6,"href":"https:\/\/insea.no\/no\/wp-json\/wp\/v2\/pages\/124\/revisions"}],"predecessor-version":[{"id":303,"href":"https:\/\/insea.no\/no\/wp-json\/wp\/v2\/pages\/124\/revisions\/303"}],"wp:attachment":[{"href":"https:\/\/insea.no\/no\/wp-json\/wp\/v2\/media?parent=124"}],"curies":[{"name":"wp","href":"https:\/\/api.w.org\/{rel}","templated":true}]}}